{"id":1620,"date":"2023-09-04T09:48:01","date_gmt":"2023-09-04T09:48:01","guid":{"rendered":"http:\/\/www.luzcafilms.com\/?page_id=1620"},"modified":"2023-09-04T10:23:01","modified_gmt":"2023-09-04T10:23:01","slug":"ocultos","status":"publish","type":"page","link":"https:\/\/www.luzcafilms.com\/index.php\/ocultos\/","title":{"rendered":"Ocultos"},"content":{"rendered":"\t\t<div data-elementor-type=\"wp-page\" data-elementor-id=\"1620\" class=\"elementor elementor-1620\">\n\t\t\t\t\t\t<section class=\"elementor-section elementor-top-section elementor-element elementor-element-08e20f4 elementor-section-boxed elementor-section-height-default elementor-section-height-default\" data-id=\"08e20f4\" data-element_type=\"section\" data-settings=\"{&quot;shape_divider_bottom&quot;:&quot;opacity-fan&quot;}\">\n\t\t\t\t\t<div class=\"elementor-shape elementor-shape-bottom\" aria-hidden=\"true\" data-negative=\"false\">\n\t\t\t<svg xmlns=\"http:\/\/www.w3.org\/2000\/svg\" viewBox=\"0 0 283.5 19.6\" preserveAspectRatio=\"none\">\n\t<path class=\"elementor-shape-fill\" style=\"opacity:0.33\" d=\"M0 0L0 18.8 141.8 4.1 283.5 18.8 283.5 0z\"\/>\n\t<path class=\"elementor-shape-fill\" style=\"opacity:0.33\" d=\"M0 0L0 12.6 141.8 4 283.5 12.6 283.5 0z\"\/>\n\t<path class=\"elementor-shape-fill\" style=\"opacity:0.33\" d=\"M0 0L0 6.4 141.8 4 283.5 6.4 283.5 0z\"\/>\n\t<path class=\"elementor-shape-fill\" d=\"M0 0L0 1.2 141.8 4 283.5 1.2 283.5 0z\"\/>\n<\/svg>\t\t<\/div>\n\t\t\t\t\t<div class=\"elementor-container elementor-column-gap-default\">\n\t\t\t\t\t<div class=\"elementor-column elementor-col-100 elementor-top-column elementor-element elementor-element-04ba61d\" data-id=\"04ba61d\" data-element_type=\"column\" data-settings=\"{&quot;background_background&quot;:&quot;classic&quot;}\">\n\t\t\t<div class=\"elementor-widget-wrap elementor-element-populated\">\n\t\t\t\t\t<div class=\"elementor-background-overlay\"><\/div>\n\t\t\t\t\t\t<div class=\"elementor-element elementor-element-cdb0b53 elementor-widget elementor-widget-heading\" data-id=\"cdb0b53\" data-element_type=\"widget\" data-widget_type=\"heading.default\">\n\t\t\t\t<div class=\"elementor-widget-container\">\n\t\t\t\t\t<h1 class=\"elementor-heading-title elementor-size-default\"><b>OCULTOS<\/b><br>Cortometraje Documental<\/h1>\t\t\t\t<\/div>\n\t\t\t\t<\/div>\n\t\t\t\t\t<\/div>\n\t\t<\/div>\n\t\t\t\t\t<\/div>\n\t\t<\/section>\n\t\t\t\t<section class=\"elementor-section elementor-top-section elementor-element elementor-element-68ad023 elementor-section-boxed elementor-section-height-default elementor-section-height-default\" data-id=\"68ad023\" data-element_type=\"section\">\n\t\t\t\t\t\t<div class=\"elementor-container elementor-column-gap-custom\">\n\t\t\t\t\t<div class=\"elementor-column elementor-col-50 elementor-top-column elementor-element elementor-element-7d9788a\" data-id=\"7d9788a\" data-element_type=\"column\">\n\t\t\t<div class=\"elementor-widget-wrap elementor-element-populated\">\n\t\t\t\t\t\t<div class=\"elementor-element elementor-element-ff3e39e elementor-widget elementor-widget-image\" data-id=\"ff3e39e\" data-element_type=\"widget\" data-widget_type=\"image.default\">\n\t\t\t\t<div class=\"elementor-widget-container\">\n\t\t\t\t\t\t\t\t\t\t\t\t\t\t\t<img fetchpriority=\"high\" decoding=\"async\" width=\"924\" height=\"1380\" src=\"https:\/\/www.luzcafilms.com\/wp-content\/uploads\/2023\/09\/ff51a2_66369749025140e49ea95d7f6ba04f1dmv2.jpg.webp\" class=\"attachment-full size-full wp-image-1543\" alt=\"\" srcset=\"https:\/\/www.luzcafilms.com\/wp-content\/uploads\/2023\/09\/ff51a2_66369749025140e49ea95d7f6ba04f1dmv2.jpg.webp 924w, https:\/\/www.luzcafilms.com\/wp-content\/uploads\/2023\/09\/ff51a2_66369749025140e49ea95d7f6ba04f1dmv2.jpg-201x300.webp 201w, https:\/\/www.luzcafilms.com\/wp-content\/uploads\/2023\/09\/ff51a2_66369749025140e49ea95d7f6ba04f1dmv2.jpg-686x1024.webp 686w, https:\/\/www.luzcafilms.com\/wp-content\/uploads\/2023\/09\/ff51a2_66369749025140e49ea95d7f6ba04f1dmv2.jpg-768x1147.webp 768w\" sizes=\"(max-width: 924px) 100vw, 924px\" \/>\t\t\t\t\t\t\t\t\t\t\t\t\t\t\t<\/div>\n\t\t\t\t<\/div>\n\t\t\t\t<div class=\"elementor-element elementor-element-2b5df24 elementor-align-center elementor-widget elementor-widget-button\" data-id=\"2b5df24\" data-element_type=\"widget\" data-widget_type=\"button.default\">\n\t\t\t\t<div class=\"elementor-widget-container\">\n\t\t\t\t\t\t\t\t\t<div class=\"elementor-button-wrapper\">\n\t\t\t\t\t<a class=\"elementor-button elementor-button-link elementor-size-xl\" href=\"https:\/\/operavision.eu\/feature\/ocultos-gabriel-bucher#\">\n\t\t\t\t\t\t<span class=\"elementor-button-content-wrapper\">\n\t\t\t\t\t\t<span class=\"elementor-button-icon\">\n\t\t\t\t<i aria-hidden=\"true\" class=\"far fa-play-circle\"><\/i>\t\t\t<\/span>\n\t\t\t\t\t\t\t\t\t<span class=\"elementor-button-text\">Ver OCULTOS<\/span>\n\t\t\t\t\t<\/span>\n\t\t\t\t\t<\/a>\n\t\t\t\t<\/div>\n\t\t\t\t\t\t\t\t<\/div>\n\t\t\t\t<\/div>\n\t\t\t\t\t<\/div>\n\t\t<\/div>\n\t\t\t\t<div class=\"elementor-column elementor-col-50 elementor-top-column elementor-element elementor-element-460b502\" data-id=\"460b502\" data-element_type=\"column\">\n\t\t\t<div class=\"elementor-widget-wrap elementor-element-populated\">\n\t\t\t\t\t\t<div class=\"elementor-element elementor-element-e1dec9a elementor-widget elementor-widget-text-editor\" data-id=\"e1dec9a\" data-element_type=\"widget\" data-widget_type=\"text-editor.default\">\n\t\t\t\t<div class=\"elementor-widget-container\">\n\t\t\t\t\t\t\t\t\t<div data-testid=\"richTextElement\"><div data-testid=\"richTextElement\"><p><span style=\"color: var( --e-global-color-astglobalcolor5 ); font-style: inherit; background-color: var(--ast-global-color-8);\">Qui\u00e9nes son y qu\u00e9 hacen las personas que trabajan tras las bambalinas de un gran teatro? \u00c9sta es la historia \u2014dirigida por un realizador y bailar\u00edn profesional\u2014 al otro lado del tel\u00f3n del Teatro Municipal de Santiago, junto a quienes trabajan para que los artistas brillen sobre el escenario. Tramoyas, dise\u00f1adores, iluminadores y t\u00e9cnicos son esta vez los protagonistas de la obra.<\/span><\/p><p><span style=\"color: var( --e-global-color-astglobalcolor5 ); font-style: inherit; background-color: var(--ast-global-color-8);\">\u00a0<\/span><\/p><ul><li><span style=\"color: var( --e-global-color-astglobalcolor5 ); font-style: inherit; background-color: var(--ast-global-color-8);\">Duraci\u00f3n : 22\u00a0<\/span><\/li><li style=\"font-size: 16px;\"><span style=\"color: var( --e-global-color-astglobalcolor5 ); font-style: inherit; background-color: var(--ast-global-color-8);\">Pa\u00eds de producci\u00f3n : Chile\u00a0<\/span><\/li><li>Fecha de estreno : 06\/04\/2019<\/li><li>Idioma \u00a0: Espa\u00f1ol\u00a0<\/li><li>Director : Gabriel Bucher\u00a0<\/li><li>Producci\u00f3n Audiovisual: Gabriel Bucher \/ Francisca Arce\u00a0<\/li><li>Guion : Gabriel Bucher \/ Francisca Arce\u00a0<\/li><\/ul><\/div><div data-testid=\"richTextElement\"><p><strong>PREMIOS \u00a0\u00a0<\/strong><\/p><p>\u2022MEJOR CORTO DOCUMENTAL\u00a0<a href=\"https:\/\/www.veniceica.org\/fineartsfilmfestival\" target=\"_blank\" rel=\"noreferrer noopener\">Fine Arts Film Festival<\/a> (California) 2020<\/p><p>\u2022MEJOR CORTO DOCUMENTAL <a href=\"https:\/\/amazingshortsfest.wixsite.com\/2018\/awards-and-winners\" target=\"_blank\" rel=\"noreferrer noopener\">Amazing Short Madrid<\/a> (Espa\u00f1a) 2020 \u00a0<\/p><p>\u2022MEJOR CORTO <a href=\"https:\/\/felacos2017.wixsite.com\/felacos2\/ganadores-2020\" target=\"_blank\" rel=\"noreferrer noopener\">FELACO<\/a> 2020 (Chile)<\/p><p>\u2022Menci\u00f3n honrosa\u00a0<a href=\"http:\/\/www.inedit.cl\/ganadores-historicos\" target=\"_blank\" rel=\"noreferrer noopener\">festival\u00a0<\/a><a href=\"http:\/\/www.inedit.cl\/ganadores-historicos\" target=\"_blank\" rel=\"noreferrer noopener\">in-edit<\/a>\u00a02019 (Chile)<\/p><p>\u00a0<\/p><\/div><div data-testid=\"richTextElement\"><p><strong>SELECCIONES OFICIALES\u00a0<\/strong><\/p><p>\u2022FEDOCHI \u00a0Festival de cine documental de\u00a0Chiloe<a href=\"http:\/\/fedochi.com\/2019\/08\/20\/fedochi-anuncia-los-titulos-de-sus-competencias\/\" target=\"_blank\" rel=\"noopener\">\u00a0<\/a>(Nov 2019)<\/p><p>\u2022BOGOCINE\u00a0<a href=\"https:\/\/www.bogocine.co\" target=\"_blank\" rel=\"noopener\">Festival de cine de\u00a0<\/a><a href=\"https:\/\/www.bogocine.co\" target=\"_blank\" rel=\"noopener\">BOGOTA<\/a><a href=\"http:\/\/bogocine.com\/seleccion-oficial\/\" target=\"_blank\" rel=\"noopener\">\u00a0<\/a>(Oct 2019)\u00a0<\/p><p>\u2022VITAFEST\u00a0Festival de cortometrajes de Vitacura\u00a0(Chile Oct 2019)<\/p><p>\u2022FIBABC\u00a0<a href=\"https:\/\/fibabc.abc.es\/cortos\/ocultos\/\" target=\"_blank\" rel=\"noopener\">Festival iberoamericano en Madrid\u00a0<\/a>(Nov 2019)<\/p><p>\u2022SMR13\u00a0<a href=\"https:\/\/smr13filmfestival.com\" target=\"_blank\" rel=\"noopener\">Festival de cine Ind\u00e9pendant\u00a0<\/a>(Francia, Nov 2019)<\/p><\/div><\/div>\t\t\t\t\t\t\t\t<\/div>\n\t\t\t\t<\/div>\n\t\t\t\t\t<\/div>\n\t\t<\/div>\n\t\t\t\t\t<\/div>\n\t\t<\/section>\n\t\t\t\t<\/div>\n\t\t","protected":false},"excerpt":{"rendered":"<p>OCULTOSCortometraje Documental Ver OCULTOS Qui\u00e9nes son y qu\u00e9 hacen las personas que trabajan tras las bambalinas de un gran teatro? \u00c9sta es la historia \u2014dirigida por un realizador y bailar\u00edn profesional\u2014 al otro lado del tel\u00f3n del Teatro Municipal de Santiago, junto a quienes trabajan para que los artistas brillen sobre el escenario. Tramoyas, dise\u00f1adores, [&hellip;]<\/p>\n","protected":false},"author":1,"featured_media":0,"parent":0,"menu_order":0,"comment_status":"closed","ping_status":"closed","template":"","meta":{"site-sidebar-layout":"no-sidebar","site-content-layout":"page-builder","ast-site-content-layout":"default","site-content-style":"default","site-sidebar-style":"default","ast-global-header-display":"","ast-banner-title-visibility":"","ast-main-header-display":"","ast-hfb-above-header-display":"","ast-hfb-below-header-display":"","ast-hfb-mobile-header-display":"","site-post-title":"disabled","ast-breadcrumbs-content":"","ast-featured-img":"disabled","footer-sml-layout":"","theme-transparent-header-meta":"","adv-header-id-meta":"","stick-header-meta":"","header-above-stick-meta":"","header-main-stick-meta":"","header-below-stick-meta":"","astra-migrate-meta-layouts":"default","ast-page-background-enabled":"default","ast-page-background-meta":{"desktop":{"background-color":"var(--ast-global-color-4)","background-image":"","background-repeat":"repeat","background-position":"center center","background-size":"auto","background-attachment":"scroll","background-type":"","background-media":"","overlay-type":"","overlay-color":"","overlay-opacity":"","overlay-gradient":""},"tablet":{"background-color":"","background-image":"","background-repeat":"repeat","background-position":"center center","background-size":"auto","background-attachment":"scroll","background-type":"","background-media":"","overlay-type":"","overlay-color":"","overlay-opacity":"","overlay-gradient":""},"mobile":{"background-color":"","background-image":"","background-repeat":"repeat","background-position":"center center","background-size":"auto","background-attachment":"scroll","background-type":"","background-media":"","overlay-type":"","overlay-color":"","overlay-opacity":"","overlay-gradient":""}},"ast-content-background-meta":{"desktop":{"background-color":"var(--ast-global-color-5)","background-image":"","background-repeat":"repeat","background-position":"center center","background-size":"auto","background-attachment":"scroll","background-type":"","background-media":"","overlay-type":"","overlay-color":"","overlay-opacity":"","overlay-gradient":""},"tablet":{"background-color":"var(--ast-global-color-5)","background-image":"","background-repeat":"repeat","background-position":"center center","background-size":"auto","background-attachment":"scroll","background-type":"","background-media":"","overlay-type":"","overlay-color":"","overlay-opacity":"","overlay-gradient":""},"mobile":{"background-color":"var(--ast-global-color-5)","background-image":"","background-repeat":"repeat","background-position":"center center","background-size":"auto","background-attachment":"scroll","background-type":"","background-media":"","overlay-type":"","overlay-color":"","overlay-opacity":"","overlay-gradient":""}},"footnotes":""},"class_list":["post-1620","page","type-page","status-publish","hentry"],"_links":{"self":[{"href":"https:\/\/www.luzcafilms.com\/index.php\/wp-json\/wp\/v2\/pages\/1620","targetHints":{"allow":["GET"]}}],"collection":[{"href":"https:\/\/www.luzcafilms.com\/index.php\/wp-json\/wp\/v2\/pages"}],"about":[{"href":"https:\/\/www.luzcafilms.com\/index.php\/wp-json\/wp\/v2\/types\/page"}],"author":[{"embeddable":true,"href":"https:\/\/www.luzcafilms.com\/index.php\/wp-json\/wp\/v2\/users\/1"}],"replies":[{"embeddable":true,"href":"https:\/\/www.luzcafilms.com\/index.php\/wp-json\/wp\/v2\/comments?post=1620"}],"version-history":[{"count":10,"href":"https:\/\/www.luzcafilms.com\/index.php\/wp-json\/wp\/v2\/pages\/1620\/revisions"}],"predecessor-version":[{"id":1640,"href":"https:\/\/www.luzcafilms.com\/index.php\/wp-json\/wp\/v2\/pages\/1620\/revisions\/1640"}],"wp:attachment":[{"href":"https:\/\/www.luzcafilms.com\/index.php\/wp-json\/wp\/v2\/media?parent=1620"}],"curies":[{"name":"wp","href":"https:\/\/api.w.org\/{rel}","templated":true}]}}