{"id":1571,"date":"2023-09-03T15:51:46","date_gmt":"2023-09-03T15:51:46","guid":{"rendered":"http:\/\/www.luzcafilms.com\/?page_id=1571"},"modified":"2023-10-11T21:36:53","modified_gmt":"2023-10-11T21:36:53","slug":"ali","status":"publish","type":"page","link":"https:\/\/www.luzcafilms.com\/index.php\/ali\/","title":{"rendered":"Ali"},"content":{"rendered":"\t\t<div data-elementor-type=\"wp-page\" data-elementor-id=\"1571\" class=\"elementor elementor-1571\">\n\t\t\t\t\t\t<section class=\"elementor-section elementor-top-section elementor-element elementor-element-5d59bdf elementor-section-boxed elementor-section-height-default elementor-section-height-default\" data-id=\"5d59bdf\" data-element_type=\"section\" data-settings=\"{&quot;shape_divider_bottom&quot;:&quot;opacity-fan&quot;}\">\n\t\t\t\t\t<div class=\"elementor-shape elementor-shape-bottom\" aria-hidden=\"true\" data-negative=\"false\">\n\t\t\t<svg xmlns=\"http:\/\/www.w3.org\/2000\/svg\" viewBox=\"0 0 283.5 19.6\" preserveAspectRatio=\"none\">\n\t<path class=\"elementor-shape-fill\" style=\"opacity:0.33\" d=\"M0 0L0 18.8 141.8 4.1 283.5 18.8 283.5 0z\"\/>\n\t<path class=\"elementor-shape-fill\" style=\"opacity:0.33\" d=\"M0 0L0 12.6 141.8 4 283.5 12.6 283.5 0z\"\/>\n\t<path class=\"elementor-shape-fill\" style=\"opacity:0.33\" d=\"M0 0L0 6.4 141.8 4 283.5 6.4 283.5 0z\"\/>\n\t<path class=\"elementor-shape-fill\" d=\"M0 0L0 1.2 141.8 4 283.5 1.2 283.5 0z\"\/>\n<\/svg>\t\t<\/div>\n\t\t\t\t\t<div class=\"elementor-container elementor-column-gap-default\">\n\t\t\t\t\t<div class=\"elementor-column elementor-col-100 elementor-top-column elementor-element elementor-element-e49b4a6\" data-id=\"e49b4a6\" data-element_type=\"column\" data-settings=\"{&quot;background_background&quot;:&quot;classic&quot;}\">\n\t\t\t<div class=\"elementor-widget-wrap elementor-element-populated\">\n\t\t\t\t\t<div class=\"elementor-background-overlay\"><\/div>\n\t\t\t\t\t\t<div class=\"elementor-element elementor-element-a5f1462 elementor-widget elementor-widget-heading\" data-id=\"a5f1462\" data-element_type=\"widget\" data-widget_type=\"heading.default\">\n\t\t\t\t<div class=\"elementor-widget-container\">\n\t\t\t\t\t<h1 class=\"elementor-heading-title elementor-size-default\"><b>ALI<\/b><br>Cortometraje ficci\u00f3n<\/h1>\t\t\t\t<\/div>\n\t\t\t\t<\/div>\n\t\t\t\t\t<\/div>\n\t\t<\/div>\n\t\t\t\t\t<\/div>\n\t\t<\/section>\n\t\t\t\t<section class=\"elementor-section elementor-top-section elementor-element elementor-element-faa03eb elementor-section-boxed elementor-section-height-default elementor-section-height-default\" data-id=\"faa03eb\" data-element_type=\"section\">\n\t\t\t\t\t\t<div class=\"elementor-container elementor-column-gap-custom\">\n\t\t\t\t\t<div class=\"elementor-column elementor-col-50 elementor-top-column elementor-element elementor-element-2c99602\" data-id=\"2c99602\" data-element_type=\"column\">\n\t\t\t<div class=\"elementor-widget-wrap elementor-element-populated\">\n\t\t\t\t\t\t<div class=\"elementor-element elementor-element-e27191c elementor-widget elementor-widget-image\" data-id=\"e27191c\" data-element_type=\"widget\" data-widget_type=\"image.default\">\n\t\t\t\t<div class=\"elementor-widget-container\">\n\t\t\t\t\t\t\t\t\t\t\t\t\t\t\t<img fetchpriority=\"high\" decoding=\"async\" width=\"678\" height=\"1024\" src=\"https:\/\/www.luzcafilms.com\/wp-content\/uploads\/2023\/10\/ali-Web-678x1024.jpg\" class=\"attachment-large size-large wp-image-2087\" alt=\"\" srcset=\"https:\/\/www.luzcafilms.com\/wp-content\/uploads\/2023\/10\/ali-Web-678x1024.jpg 678w, https:\/\/www.luzcafilms.com\/wp-content\/uploads\/2023\/10\/ali-Web-199x300.jpg 199w, https:\/\/www.luzcafilms.com\/wp-content\/uploads\/2023\/10\/ali-Web-768x1161.jpg 768w, https:\/\/www.luzcafilms.com\/wp-content\/uploads\/2023\/10\/ali-Web-1016x1536.jpg 1016w, https:\/\/www.luzcafilms.com\/wp-content\/uploads\/2023\/10\/ali-Web-1355x2048.jpg 1355w, https:\/\/www.luzcafilms.com\/wp-content\/uploads\/2023\/10\/ali-Web-scaled.jpg 1694w\" sizes=\"(max-width: 678px) 100vw, 678px\" \/>\t\t\t\t\t\t\t\t\t\t\t\t\t\t\t<\/div>\n\t\t\t\t<\/div>\n\t\t\t\t<div class=\"elementor-element elementor-element-566dfe4 elementor-align-center elementor-widget elementor-widget-button\" data-id=\"566dfe4\" data-element_type=\"widget\" data-widget_type=\"button.default\">\n\t\t\t\t<div class=\"elementor-widget-container\">\n\t\t\t\t\t\t\t\t\t<div class=\"elementor-button-wrapper\">\n\t\t\t\t\t<a class=\"elementor-button elementor-button-link elementor-size-xl\" href=\"#\">\n\t\t\t\t\t\t<span class=\"elementor-button-content-wrapper\">\n\t\t\t\t\t\t<span class=\"elementor-button-icon\">\n\t\t\t\t<i aria-hidden=\"true\" class=\"far fa-play-circle\"><\/i>\t\t\t<\/span>\n\t\t\t\t\t\t\t\t\t<span class=\"elementor-button-text\">Ver ALI<\/span>\n\t\t\t\t\t<\/span>\n\t\t\t\t\t<\/a>\n\t\t\t\t<\/div>\n\t\t\t\t\t\t\t\t<\/div>\n\t\t\t\t<\/div>\n\t\t\t\t\t<\/div>\n\t\t<\/div>\n\t\t\t\t<div class=\"elementor-column elementor-col-50 elementor-top-column elementor-element elementor-element-c931603\" data-id=\"c931603\" data-element_type=\"column\">\n\t\t\t<div class=\"elementor-widget-wrap elementor-element-populated\">\n\t\t\t\t\t\t<div class=\"elementor-element elementor-element-6f01a72 elementor-widget elementor-widget-text-editor\" data-id=\"6f01a72\" data-element_type=\"widget\" data-widget_type=\"text-editor.default\">\n\t\t\t\t<div class=\"elementor-widget-container\">\n\t\t\t\t\t\t\t\t\t<div id=\"comp-kl82imtg\" class=\"KcpHeO tz5f0K comp-kl82imtg wixui-rich-text\" data-testid=\"richTextElement\"><p><span style=\"font-style: inherit; color: var( --e-global-color-astglobalcolor5 ); background-color: var(--ast-global-color-8);\">Ali, migrante haitiano lucha por traer a su hijo de Hait\u00ed. Trabaja de copero en un restaurante donde debe soportar la petulancia de su compa\u00f1ero Hugo y la discriminaci\u00f3n del jefe Sandro; aspirando a ser valorado como chef para poder concretar su sue\u00f1o<\/span><\/p><div>\u00a0<\/div><ul><li class=\"font_8 wixui-rich-text__text\"><span class=\"wixui-rich-text__text\"><span class=\"color_11 wixui-rich-text__text\">Duraci\u00f3n : 19<\/span><\/span><\/li><li><span class=\"wixui-rich-text__text\"><span class=\"color_11 wixui-rich-text__text\">Pa\u00eds de producci\u00f3n : Chile\u00a0<\/span><\/span><\/li><li><span class=\"wixui-rich-text__text\"><span class=\"color_11 wixui-rich-text__text\">Fecha de estreno : 02\/01\/2018<\/span><\/span><\/li><li><span class=\"wixui-rich-text__text\"><span class=\"color_11 wixui-rich-text__text\">Idioma \u00a0: Espa\u00f1ol \u00a0&#8211; Creole<\/span><\/span><\/li><li><span class=\"wixui-rich-text__text\"><span class=\"color_11 wixui-rich-text__text\">Director : Gabriel Bucher\u00a0<\/span><\/span><\/li><li><span class=\"wixui-rich-text__text\"><span class=\"color_11 wixui-rich-text__text\">Producci\u00f3n Audiovisual : Gabriel Bucher \/ Francisca Arce\u00a0<\/span><\/span><\/li><li><span class=\"wixui-rich-text__text\"><span class=\"color_11 wixui-rich-text__text\">Guion : \u00a0Francisca Arce\u00a0<\/span><\/span><\/li><\/ul><\/div><div id=\"comp-kl82imtn\" class=\"BaOVQ8 tz5f0K comp-kl82imtn wixui-rich-text\" data-testid=\"richTextElement\"><p class=\"font_8 wixui-rich-text__text\"><span class=\"wixui-rich-text__text\"><span class=\"color_11 wixui-rich-text__text\">PREMIOS \u00a0<\/span><\/span><\/p><p class=\"font_8 wixui-rich-text__text\"><span class=\"wixui-rich-text__text\"><span class=\"color_11 wixui-rich-text__text\">\u2022Premio mejor actor secundario (Felipe Rios), South Film and Arts Academy Festival, Chile, 2018.<\/span><\/span><\/p><p class=\"font_8 wixui-rich-text__text\"><span class=\"wixui-rich-text__text\"><span class=\"color_11 wixui-rich-text__text\">\u2022Premio de Est\u00edmulo, Festival internacional \u00abA Pantalla Abierta\u00bb, M\u00e9xico, 2018.<\/span><\/span><\/p><p class=\"font_8 wixui-rich-text__text\"><span class=\"wixui-rich-text__text\"><span class=\"color_11 wixui-rich-text__text\">\u00a0<\/span><\/span><\/p><p class=\"font_8 wixui-rich-text__text\"><span class=\"wixui-rich-text__text\"><span class=\"color_11 wixui-rich-text__text\">SELECCIONES OFICIALES\u00a0<\/span><\/span><\/p><p class=\"font_8 wixui-rich-text__text\"><span class=\"wixui-rich-text__text\"><span class=\"color_11 wixui-rich-text__text\">\u2022FCZ \u00a0<a class=\"wixui-rich-text__text\" href=\"https:\/\/festivalcinezaragoza.com\/fcz\/edicion-23\/\" target=\"_blank\" rel=\"noopener\">Festival de cine de Zaragoza\u00a0<\/a>certamen OTRAS MIRADAS (Nov 2018)<\/span><\/span><\/p><p class=\"font_8 wixui-rich-text__text\"><span class=\"wixui-rich-text__text\"><span class=\"color_11 wixui-rich-text__text\">\u2022FECIR Festival cine RENGO (Chile, Sep 2018)\u00a0<\/span><\/span><\/p><p class=\"font_8 wixui-rich-text__text\">\u00a0<\/p><\/div>\t\t\t\t\t\t\t\t<\/div>\n\t\t\t\t<\/div>\n\t\t\t\t\t<\/div>\n\t\t<\/div>\n\t\t\t\t\t<\/div>\n\t\t<\/section>\n\t\t\t\t<\/div>\n\t\t","protected":false},"excerpt":{"rendered":"<p>ALICortometraje ficci\u00f3n Ver ALI Ali, migrante haitiano lucha por traer a su hijo de Hait\u00ed. Trabaja de copero en un restaurante donde debe soportar la petulancia de su compa\u00f1ero Hugo y la discriminaci\u00f3n del jefe Sandro; aspirando a ser valorado como chef para poder concretar su sue\u00f1o \u00a0 Duraci\u00f3n : 19 Pa\u00eds de producci\u00f3n : [&hellip;]<\/p>\n","protected":false},"author":1,"featured_media":0,"parent":0,"menu_order":0,"comment_status":"closed","ping_status":"closed","template":"","meta":{"site-sidebar-layout":"no-sidebar","site-content-layout":"page-builder","ast-site-content-layout":"default","site-content-style":"default","site-sidebar-style":"default","ast-global-header-display":"","ast-banner-title-visibility":"","ast-main-header-display":"","ast-hfb-above-header-display":"","ast-hfb-below-header-display":"","ast-hfb-mobile-header-display":"","site-post-title":"disabled","ast-breadcrumbs-content":"","ast-featured-img":"disabled","footer-sml-layout":"","theme-transparent-header-meta":"","adv-header-id-meta":"","stick-header-meta":"","header-above-stick-meta":"","header-main-stick-meta":"","header-below-stick-meta":"","astra-migrate-meta-layouts":"default","ast-page-background-enabled":"default","ast-page-background-meta":{"desktop":{"background-color":"var(--ast-global-color-4)","background-image":"","background-repeat":"repeat","background-position":"center center","background-size":"auto","background-attachment":"scroll","background-type":"","background-media":"","overlay-type":"","overlay-color":"","overlay-opacity":"","overlay-gradient":""},"tablet":{"background-color":"","background-image":"","background-repeat":"repeat","background-position":"center center","background-size":"auto","background-attachment":"scroll","background-type":"","background-media":"","overlay-type":"","overlay-color":"","overlay-opacity":"","overlay-gradient":""},"mobile":{"background-color":"","background-image":"","background-repeat":"repeat","background-position":"center center","background-size":"auto","background-attachment":"scroll","background-type":"","background-media":"","overlay-type":"","overlay-color":"","overlay-opacity":"","overlay-gradient":""}},"ast-content-background-meta":{"desktop":{"background-color":"var(--ast-global-color-5)","background-image":"","background-repeat":"repeat","background-position":"center center","background-size":"auto","background-attachment":"scroll","background-type":"","background-media":"","overlay-type":"","overlay-color":"","overlay-opacity":"","overlay-gradient":""},"tablet":{"background-color":"var(--ast-global-color-5)","background-image":"","background-repeat":"repeat","background-position":"center center","background-size":"auto","background-attachment":"scroll","background-type":"","background-media":"","overlay-type":"","overlay-color":"","overlay-opacity":"","overlay-gradient":""},"mobile":{"background-color":"var(--ast-global-color-5)","background-image":"","background-repeat":"repeat","background-position":"center center","background-size":"auto","background-attachment":"scroll","background-type":"","background-media":"","overlay-type":"","overlay-color":"","overlay-opacity":"","overlay-gradient":""}},"footnotes":""},"class_list":["post-1571","page","type-page","status-publish","hentry"],"_links":{"self":[{"href":"https:\/\/www.luzcafilms.com\/index.php\/wp-json\/wp\/v2\/pages\/1571","targetHints":{"allow":["GET"]}}],"collection":[{"href":"https:\/\/www.luzcafilms.com\/index.php\/wp-json\/wp\/v2\/pages"}],"about":[{"href":"https:\/\/www.luzcafilms.com\/index.php\/wp-json\/wp\/v2\/types\/page"}],"author":[{"embeddable":true,"href":"https:\/\/www.luzcafilms.com\/index.php\/wp-json\/wp\/v2\/users\/1"}],"replies":[{"embeddable":true,"href":"https:\/\/www.luzcafilms.com\/index.php\/wp-json\/wp\/v2\/comments?post=1571"}],"version-history":[{"count":28,"href":"https:\/\/www.luzcafilms.com\/index.php\/wp-json\/wp\/v2\/pages\/1571\/revisions"}],"predecessor-version":[{"id":2097,"href":"https:\/\/www.luzcafilms.com\/index.php\/wp-json\/wp\/v2\/pages\/1571\/revisions\/2097"}],"wp:attachment":[{"href":"https:\/\/www.luzcafilms.com\/index.php\/wp-json\/wp\/v2\/media?parent=1571"}],"curies":[{"name":"wp","href":"https:\/\/api.w.org\/{rel}","templated":true}]}}